{"id":664,"date":"2025-02-12T21:06:13","date_gmt":"2025-02-12T21:06:13","guid":{"rendered":"https:\/\/kenpro.com.ar\/website\/?post_type=product&#038;p=664"},"modified":"2025-04-22T15:12:28","modified_gmt":"2025-04-22T15:12:28","slug":"tk3813d-12-12","status":"publish","type":"product","link":"https:\/\/kenpro.com.ar\/website\/productos\/tk3813d-12-12\/","title":{"rendered":"TK3813D"},"content":{"rendered":"","protected":false},"excerpt":{"rendered":"<p>Fabricado en acero 1045, el kit Kenpro est\u00e1 dise\u00f1ado especialmente para motociclistas que buscan durabilidad, calidad y seguridad en cada pieza. Est\u00e1 compuesto por corona y pi\u00f1\u00f3n de acero 1045 , ideal para quienes enfrentan a diario las exigencias del tr\u00e1nsito.<\/p>\n","protected":false},"featured_media":269,"comment_status":"open","ping_status":"closed","template":"","meta":{"_et_pb_use_builder":"","_et_pb_old_content":"","_et_gb_content_width":""},"product_brand":[],"product_cat":[195,17],"product_tag":[],"class_list":{"0":"post-664","1":"product","2":"type-product","3":"status-publish","4":"has-post-thumbnail","6":"product_cat-dull-polish","7":"product_cat-kit-de-transmision","9":"first","10":"instock","11":"shipping-taxable","12":"product-type-simple"},"yoast_head":"<!-- This site is optimized with the Yoast SEO plugin v27.2 - https:\/\/yoast.com\/product\/yoast-seo-wordpress\/ -->\n<title>TK3813D - Kenpro<\/title>\n<meta name=\"robots\" content=\"index, follow, max-snippet:-1, max-image-preview:large, max-video-preview:-1\" \/>\n<link rel=\"canonical\" href=\"https:\/\/kenpro.com.ar\/website\/productos\/tk3813d-12-12\/\" \/>\n<meta property=\"og:locale\" content=\"es_ES\" \/>\n<meta property=\"og:type\" content=\"article\" \/>\n<meta property=\"og:title\" content=\"TK3813D - Kenpro\" \/>\n<meta property=\"og:description\" content=\"Fabricado en acero 1045, el kit Kenpro est\u00e1 dise\u00f1ado especialmente para motociclistas que buscan durabilidad, calidad y seguridad en cada pieza. Est\u00e1 compuesto por corona y pi\u00f1\u00f3n de acero 1045 , ideal para quienes enfrentan a diario las exigencias del tr\u00e1nsito.\" \/>\n<meta property=\"og:url\" content=\"https:\/\/kenpro.com.ar\/website\/productos\/tk3813d-12-12\/\" \/>\n<meta property=\"og:site_name\" content=\"Kenpro\" \/>\n<meta property=\"article:modified_time\" content=\"2025-04-22T15:12:28+00:00\" \/>\n<meta property=\"og:image\" content=\"https:\/\/kenpro.com.ar\/website\/wp-content\/uploads\/2025\/02\/kenpro_tkdp.webp\" \/>\n\t<meta property=\"og:image:width\" content=\"1500\" \/>\n\t<meta property=\"og:image:height\" content=\"1500\" \/>\n\t<meta property=\"og:image:type\" content=\"image\/webp\" \/>\n<meta name=\"twitter:card\" content=\"summary_large_image\" \/>\n<meta name=\"twitter:label1\" content=\"Tiempo de lectura\" \/>\n\t<meta name=\"twitter:data1\" content=\"1 minuto\" \/>\n<script type=\"application\/ld+json\" class=\"yoast-schema-graph\">{\"@context\":\"https:\/\/schema.org\",\"@graph\":[{\"@type\":\"WebPage\",\"@id\":\"https:\/\/kenpro.com.ar\/website\/productos\/tk3813d-12-12\/\",\"url\":\"https:\/\/kenpro.com.ar\/website\/productos\/tk3813d-12-12\/\",\"name\":\"TK3813D - Kenpro\",\"isPartOf\":{\"@id\":\"https:\/\/kenpro.com.ar\/website\/#website\"},\"primaryImageOfPage\":{\"@id\":\"https:\/\/kenpro.com.ar\/website\/productos\/tk3813d-12-12\/#primaryimage\"},\"image\":{\"@id\":\"https:\/\/kenpro.com.ar\/website\/productos\/tk3813d-12-12\/#primaryimage\"},\"thumbnailUrl\":\"https:\/\/kenpro.com.ar\/website\/wp-content\/uploads\/2025\/03\/kt_dp_box.webp\",\"datePublished\":\"2025-02-12T21:06:13+00:00\",\"dateModified\":\"2025-04-22T15:12:28+00:00\",\"breadcrumb\":{\"@id\":\"https:\/\/kenpro.com.ar\/website\/productos\/tk3813d-12-12\/#breadcrumb\"},\"inLanguage\":\"es\",\"potentialAction\":[{\"@type\":\"ReadAction\",\"target\":[\"https:\/\/kenpro.com.ar\/website\/productos\/tk3813d-12-12\/\"]}]},{\"@type\":\"ImageObject\",\"inLanguage\":\"es\",\"@id\":\"https:\/\/kenpro.com.ar\/website\/productos\/tk3813d-12-12\/#primaryimage\",\"url\":\"https:\/\/kenpro.com.ar\/website\/wp-content\/uploads\/2025\/03\/kt_dp_box.webp\",\"contentUrl\":\"https:\/\/kenpro.com.ar\/website\/wp-content\/uploads\/2025\/03\/kt_dp_box.webp\",\"width\":1500,\"height\":1500},{\"@type\":\"BreadcrumbList\",\"@id\":\"https:\/\/kenpro.com.ar\/website\/productos\/tk3813d-12-12\/#breadcrumb\",\"itemListElement\":[{\"@type\":\"ListItem\",\"position\":1,\"name\":\"Home\",\"item\":\"https:\/\/kenpro.com.ar\/website\/\"},{\"@type\":\"ListItem\",\"position\":2,\"name\":\"Productos\",\"item\":\"https:\/\/kenpro.com.ar\/website\/productos\/\"},{\"@type\":\"ListItem\",\"position\":3,\"name\":\"TK3813D-12-12\"}]},{\"@type\":\"WebSite\",\"@id\":\"https:\/\/kenpro.com.ar\/website\/#website\",\"url\":\"https:\/\/kenpro.com.ar\/website\/\",\"name\":\"Kenpro Motorcycle Parts\",\"description\":\"\",\"alternateName\":\"Kenpro\",\"potentialAction\":[{\"@type\":\"SearchAction\",\"target\":{\"@type\":\"EntryPoint\",\"urlTemplate\":\"https:\/\/kenpro.com.ar\/website\/?s={search_term_string}\"},\"query-input\":{\"@type\":\"PropertyValueSpecification\",\"valueRequired\":true,\"valueName\":\"search_term_string\"}}],\"inLanguage\":\"es\"}]}<\/script>\n<!-- \/ Yoast SEO plugin. -->","yoast_head_json":{"title":"TK3813D - Kenpro","robots":{"index":"index","follow":"follow","max-snippet":"max-snippet:-1","max-image-preview":"max-image-preview:large","max-video-preview":"max-video-preview:-1"},"canonical":"https:\/\/kenpro.com.ar\/website\/productos\/tk3813d-12-12\/","og_locale":"es_ES","og_type":"article","og_title":"TK3813D - Kenpro","og_description":"Fabricado en acero 1045, el kit Kenpro est\u00e1 dise\u00f1ado especialmente para motociclistas que buscan durabilidad, calidad y seguridad en cada pieza. Est\u00e1 compuesto por corona y pi\u00f1\u00f3n de acero 1045 , ideal para quienes enfrentan a diario las exigencias del tr\u00e1nsito.","og_url":"https:\/\/kenpro.com.ar\/website\/productos\/tk3813d-12-12\/","og_site_name":"Kenpro","article_modified_time":"2025-04-22T15:12:28+00:00","og_image":[{"width":1500,"height":1500,"url":"https:\/\/kenpro.com.ar\/website\/wp-content\/uploads\/2025\/02\/kenpro_tkdp.webp","type":"image\/webp"}],"twitter_card":"summary_large_image","twitter_misc":{"Tiempo de lectura":"1 minuto"},"schema":{"@context":"https:\/\/schema.org","@graph":[{"@type":"WebPage","@id":"https:\/\/kenpro.com.ar\/website\/productos\/tk3813d-12-12\/","url":"https:\/\/kenpro.com.ar\/website\/productos\/tk3813d-12-12\/","name":"TK3813D - Kenpro","isPartOf":{"@id":"https:\/\/kenpro.com.ar\/website\/#website"},"primaryImageOfPage":{"@id":"https:\/\/kenpro.com.ar\/website\/productos\/tk3813d-12-12\/#primaryimage"},"image":{"@id":"https:\/\/kenpro.com.ar\/website\/productos\/tk3813d-12-12\/#primaryimage"},"thumbnailUrl":"https:\/\/kenpro.com.ar\/website\/wp-content\/uploads\/2025\/03\/kt_dp_box.webp","datePublished":"2025-02-12T21:06:13+00:00","dateModified":"2025-04-22T15:12:28+00:00","breadcrumb":{"@id":"https:\/\/kenpro.com.ar\/website\/productos\/tk3813d-12-12\/#breadcrumb"},"inLanguage":"es","potentialAction":[{"@type":"ReadAction","target":["https:\/\/kenpro.com.ar\/website\/productos\/tk3813d-12-12\/"]}]},{"@type":"ImageObject","inLanguage":"es","@id":"https:\/\/kenpro.com.ar\/website\/productos\/tk3813d-12-12\/#primaryimage","url":"https:\/\/kenpro.com.ar\/website\/wp-content\/uploads\/2025\/03\/kt_dp_box.webp","contentUrl":"https:\/\/kenpro.com.ar\/website\/wp-content\/uploads\/2025\/03\/kt_dp_box.webp","width":1500,"height":1500},{"@type":"BreadcrumbList","@id":"https:\/\/kenpro.com.ar\/website\/productos\/tk3813d-12-12\/#breadcrumb","itemListElement":[{"@type":"ListItem","position":1,"name":"Home","item":"https:\/\/kenpro.com.ar\/website\/"},{"@type":"ListItem","position":2,"name":"Productos","item":"https:\/\/kenpro.com.ar\/website\/productos\/"},{"@type":"ListItem","position":3,"name":"TK3813D-12-12"}]},{"@type":"WebSite","@id":"https:\/\/kenpro.com.ar\/website\/#website","url":"https:\/\/kenpro.com.ar\/website\/","name":"Kenpro Motorcycle Parts","description":"","alternateName":"Kenpro","potentialAction":[{"@type":"SearchAction","target":{"@type":"EntryPoint","urlTemplate":"https:\/\/kenpro.com.ar\/website\/?s={search_term_string}"},"query-input":{"@type":"PropertyValueSpecification","valueRequired":true,"valueName":"search_term_string"}}],"inLanguage":"es"}]}},"_links":{"self":[{"href":"https:\/\/kenpro.com.ar\/website\/wp-json\/wp\/v2\/product\/664","targetHints":{"allow":["GET"]}}],"collection":[{"href":"https:\/\/kenpro.com.ar\/website\/wp-json\/wp\/v2\/product"}],"about":[{"href":"https:\/\/kenpro.com.ar\/website\/wp-json\/wp\/v2\/types\/product"}],"replies":[{"embeddable":true,"href":"https:\/\/kenpro.com.ar\/website\/wp-json\/wp\/v2\/comments?post=664"}],"wp:featuredmedia":[{"embeddable":true,"href":"https:\/\/kenpro.com.ar\/website\/wp-json\/wp\/v2\/media\/269"}],"wp:attachment":[{"href":"https:\/\/kenpro.com.ar\/website\/wp-json\/wp\/v2\/media?parent=664"}],"wp:term":[{"taxonomy":"product_brand","embeddable":true,"href":"https:\/\/kenpro.com.ar\/website\/wp-json\/wp\/v2\/product_brand?post=664"},{"taxonomy":"product_cat","embeddable":true,"href":"https:\/\/kenpro.com.ar\/website\/wp-json\/wp\/v2\/product_cat?post=664"},{"taxonomy":"product_tag","embeddable":true,"href":"https:\/\/kenpro.com.ar\/website\/wp-json\/wp\/v2\/product_tag?post=664"}],"curies":[{"name":"wp","href":"https:\/\/api.w.org\/{rel}","templated":true}]}}