{"id":651,"date":"2025-02-12T19:48:38","date_gmt":"2025-02-12T19:48:38","guid":{"rendered":"https:\/\/kenpro.com.ar\/website\/?post_type=product&#038;p=651"},"modified":"2025-04-22T15:07:28","modified_gmt":"2025-04-22T15:07:28","slug":"tk3415z-22-19","status":"publish","type":"product","link":"https:\/\/kenpro.com.ar\/website\/productos\/tk3415z-22-19\/","title":{"rendered":"TK3415Z"},"content":{"rendered":"<h1><strong>Ventajas del Acero SAE 1045<\/strong><\/h1>\n<ol>\n<li><strong>Alta resistencia mec\u00e1nica:<\/strong> Ideal para soportar cargas y esfuerzos elevados.<\/li>\n<li><strong>Durabilidad:<\/strong> Resistente al desgaste y la fricci\u00f3n constante.<\/li>\n<li><strong>Facilidad de maquinado:<\/strong> Reduce costos en procesos de fabricaci\u00f3n.<\/li>\n<li><strong>Tratamiento t\u00e9rmico:<\/strong> Mejora su dureza y resistencia seg\u00fan las necesidades.<\/li>\n<li><strong>Buena soldabilidad:<\/strong> Con procedimientos adecuados.<\/li>\n<\/ol>\n<h1><strong>Usos del Acero SAE 1045<\/strong><\/h1>\n<ul>\n<li><strong>Automotriz:<\/strong> Engranajes, ejes y pi\u00f1ones.<\/li>\n<li><strong>Agr\u00edcola:<\/strong> Componentes de maquinaria.<\/li>\n<li><strong>Maquinaria industrial:<\/strong> Rodillos, bujes y partes estructurales.<\/li>\n<li><strong>General:<\/strong> Herramientas y piezas resistentes.<\/li>\n<\/ul>\n","protected":false},"excerpt":{"rendered":"<p>Fabricado en acero 1045, el kit Kenpro est\u00e1 dise\u00f1ado especialmente para motociclistas que buscan durabilidad, calidad y seguridad en cada pieza. Est\u00e1 compuesto por corona y pi\u00f1\u00f3n de acero 1045 , ideal para quienes enfrentan a diario las exigencias del tr\u00e1nsito.<\/p>\n","protected":false},"featured_media":888,"comment_status":"open","ping_status":"closed","template":"","meta":{"_et_pb_use_builder":"","_et_pb_old_content":"","_et_gb_content_width":""},"product_brand":[],"product_cat":[17,196],"product_tag":[],"class_list":{"0":"post-651","1":"product","2":"type-product","3":"status-publish","4":"has-post-thumbnail","6":"product_cat-kit-de-transmision","7":"product_cat-zincado","9":"first","10":"instock","11":"shipping-taxable","12":"product-type-simple"},"yoast_head":"<!-- This site is optimized with the Yoast SEO plugin v27.2 - https:\/\/yoast.com\/product\/yoast-seo-wordpress\/ -->\n<title>TK3415Z - Kenpro<\/title>\n<meta name=\"robots\" content=\"index, follow, max-snippet:-1, max-image-preview:large, max-video-preview:-1\" \/>\n<link rel=\"canonical\" href=\"https:\/\/kenpro.com.ar\/website\/productos\/tk3415z-22-19\/\" \/>\n<meta property=\"og:locale\" content=\"es_ES\" \/>\n<meta property=\"og:type\" content=\"article\" \/>\n<meta property=\"og:title\" content=\"TK3415Z - Kenpro\" \/>\n<meta property=\"og:description\" content=\"Fabricado en acero 1045, el kit Kenpro est\u00e1 dise\u00f1ado especialmente para motociclistas que buscan durabilidad, calidad y seguridad en cada pieza. Est\u00e1 compuesto por corona y pi\u00f1\u00f3n de acero 1045 , ideal para quienes enfrentan a diario las exigencias del tr\u00e1nsito.\" \/>\n<meta property=\"og:url\" content=\"https:\/\/kenpro.com.ar\/website\/productos\/tk3415z-22-19\/\" \/>\n<meta property=\"og:site_name\" content=\"Kenpro\" \/>\n<meta property=\"article:modified_time\" content=\"2025-04-22T15:07:28+00:00\" \/>\n<meta property=\"og:image\" content=\"https:\/\/kenpro.com.ar\/website\/wp-content\/uploads\/2024\/12\/kenpro_tkdp.webp\" \/>\n\t<meta property=\"og:image:width\" content=\"1500\" \/>\n\t<meta property=\"og:image:height\" content=\"1500\" \/>\n\t<meta property=\"og:image:type\" content=\"image\/webp\" \/>\n<meta name=\"twitter:card\" content=\"summary_large_image\" \/>\n<meta name=\"twitter:label1\" content=\"Tiempo de lectura\" \/>\n\t<meta name=\"twitter:data1\" content=\"1 minuto\" \/>\n<script type=\"application\/ld+json\" class=\"yoast-schema-graph\">{\"@context\":\"https:\/\/schema.org\",\"@graph\":[{\"@type\":\"WebPage\",\"@id\":\"https:\/\/kenpro.com.ar\/website\/productos\/tk3415z-22-19\/\",\"url\":\"https:\/\/kenpro.com.ar\/website\/productos\/tk3415z-22-19\/\",\"name\":\"TK3415Z - Kenpro\",\"isPartOf\":{\"@id\":\"https:\/\/kenpro.com.ar\/website\/#website\"},\"primaryImageOfPage\":{\"@id\":\"https:\/\/kenpro.com.ar\/website\/productos\/tk3415z-22-19\/#primaryimage\"},\"image\":{\"@id\":\"https:\/\/kenpro.com.ar\/website\/productos\/tk3415z-22-19\/#primaryimage\"},\"thumbnailUrl\":\"https:\/\/kenpro.com.ar\/website\/wp-content\/uploads\/2025\/02\/kt_zinc_bag_n.webp\",\"datePublished\":\"2025-02-12T19:48:38+00:00\",\"dateModified\":\"2025-04-22T15:07:28+00:00\",\"breadcrumb\":{\"@id\":\"https:\/\/kenpro.com.ar\/website\/productos\/tk3415z-22-19\/#breadcrumb\"},\"inLanguage\":\"es\",\"potentialAction\":[{\"@type\":\"ReadAction\",\"target\":[\"https:\/\/kenpro.com.ar\/website\/productos\/tk3415z-22-19\/\"]}]},{\"@type\":\"ImageObject\",\"inLanguage\":\"es\",\"@id\":\"https:\/\/kenpro.com.ar\/website\/productos\/tk3415z-22-19\/#primaryimage\",\"url\":\"https:\/\/kenpro.com.ar\/website\/wp-content\/uploads\/2025\/02\/kt_zinc_bag_n.webp\",\"contentUrl\":\"https:\/\/kenpro.com.ar\/website\/wp-content\/uploads\/2025\/02\/kt_zinc_bag_n.webp\",\"width\":1500,\"height\":1500},{\"@type\":\"BreadcrumbList\",\"@id\":\"https:\/\/kenpro.com.ar\/website\/productos\/tk3415z-22-19\/#breadcrumb\",\"itemListElement\":[{\"@type\":\"ListItem\",\"position\":1,\"name\":\"Home\",\"item\":\"https:\/\/kenpro.com.ar\/website\/\"},{\"@type\":\"ListItem\",\"position\":2,\"name\":\"Productos\",\"item\":\"https:\/\/kenpro.com.ar\/website\/productos\/\"},{\"@type\":\"ListItem\",\"position\":3,\"name\":\"TK3415Z-22-19\"}]},{\"@type\":\"WebSite\",\"@id\":\"https:\/\/kenpro.com.ar\/website\/#website\",\"url\":\"https:\/\/kenpro.com.ar\/website\/\",\"name\":\"Kenpro Motorcycle Parts\",\"description\":\"\",\"alternateName\":\"Kenpro\",\"potentialAction\":[{\"@type\":\"SearchAction\",\"target\":{\"@type\":\"EntryPoint\",\"urlTemplate\":\"https:\/\/kenpro.com.ar\/website\/?s={search_term_string}\"},\"query-input\":{\"@type\":\"PropertyValueSpecification\",\"valueRequired\":true,\"valueName\":\"search_term_string\"}}],\"inLanguage\":\"es\"}]}<\/script>\n<!-- \/ Yoast SEO plugin. -->","yoast_head_json":{"title":"TK3415Z - Kenpro","robots":{"index":"index","follow":"follow","max-snippet":"max-snippet:-1","max-image-preview":"max-image-preview:large","max-video-preview":"max-video-preview:-1"},"canonical":"https:\/\/kenpro.com.ar\/website\/productos\/tk3415z-22-19\/","og_locale":"es_ES","og_type":"article","og_title":"TK3415Z - Kenpro","og_description":"Fabricado en acero 1045, el kit Kenpro est\u00e1 dise\u00f1ado especialmente para motociclistas que buscan durabilidad, calidad y seguridad en cada pieza. Est\u00e1 compuesto por corona y pi\u00f1\u00f3n de acero 1045 , ideal para quienes enfrentan a diario las exigencias del tr\u00e1nsito.","og_url":"https:\/\/kenpro.com.ar\/website\/productos\/tk3415z-22-19\/","og_site_name":"Kenpro","article_modified_time":"2025-04-22T15:07:28+00:00","og_image":[{"width":1500,"height":1500,"url":"https:\/\/kenpro.com.ar\/website\/wp-content\/uploads\/2024\/12\/kenpro_tkdp.webp","type":"image\/webp"}],"twitter_card":"summary_large_image","twitter_misc":{"Tiempo de lectura":"1 minuto"},"schema":{"@context":"https:\/\/schema.org","@graph":[{"@type":"WebPage","@id":"https:\/\/kenpro.com.ar\/website\/productos\/tk3415z-22-19\/","url":"https:\/\/kenpro.com.ar\/website\/productos\/tk3415z-22-19\/","name":"TK3415Z - Kenpro","isPartOf":{"@id":"https:\/\/kenpro.com.ar\/website\/#website"},"primaryImageOfPage":{"@id":"https:\/\/kenpro.com.ar\/website\/productos\/tk3415z-22-19\/#primaryimage"},"image":{"@id":"https:\/\/kenpro.com.ar\/website\/productos\/tk3415z-22-19\/#primaryimage"},"thumbnailUrl":"https:\/\/kenpro.com.ar\/website\/wp-content\/uploads\/2025\/02\/kt_zinc_bag_n.webp","datePublished":"2025-02-12T19:48:38+00:00","dateModified":"2025-04-22T15:07:28+00:00","breadcrumb":{"@id":"https:\/\/kenpro.com.ar\/website\/productos\/tk3415z-22-19\/#breadcrumb"},"inLanguage":"es","potentialAction":[{"@type":"ReadAction","target":["https:\/\/kenpro.com.ar\/website\/productos\/tk3415z-22-19\/"]}]},{"@type":"ImageObject","inLanguage":"es","@id":"https:\/\/kenpro.com.ar\/website\/productos\/tk3415z-22-19\/#primaryimage","url":"https:\/\/kenpro.com.ar\/website\/wp-content\/uploads\/2025\/02\/kt_zinc_bag_n.webp","contentUrl":"https:\/\/kenpro.com.ar\/website\/wp-content\/uploads\/2025\/02\/kt_zinc_bag_n.webp","width":1500,"height":1500},{"@type":"BreadcrumbList","@id":"https:\/\/kenpro.com.ar\/website\/productos\/tk3415z-22-19\/#breadcrumb","itemListElement":[{"@type":"ListItem","position":1,"name":"Home","item":"https:\/\/kenpro.com.ar\/website\/"},{"@type":"ListItem","position":2,"name":"Productos","item":"https:\/\/kenpro.com.ar\/website\/productos\/"},{"@type":"ListItem","position":3,"name":"TK3415Z-22-19"}]},{"@type":"WebSite","@id":"https:\/\/kenpro.com.ar\/website\/#website","url":"https:\/\/kenpro.com.ar\/website\/","name":"Kenpro Motorcycle Parts","description":"","alternateName":"Kenpro","potentialAction":[{"@type":"SearchAction","target":{"@type":"EntryPoint","urlTemplate":"https:\/\/kenpro.com.ar\/website\/?s={search_term_string}"},"query-input":{"@type":"PropertyValueSpecification","valueRequired":true,"valueName":"search_term_string"}}],"inLanguage":"es"}]}},"_links":{"self":[{"href":"https:\/\/kenpro.com.ar\/website\/wp-json\/wp\/v2\/product\/651","targetHints":{"allow":["GET"]}}],"collection":[{"href":"https:\/\/kenpro.com.ar\/website\/wp-json\/wp\/v2\/product"}],"about":[{"href":"https:\/\/kenpro.com.ar\/website\/wp-json\/wp\/v2\/types\/product"}],"replies":[{"embeddable":true,"href":"https:\/\/kenpro.com.ar\/website\/wp-json\/wp\/v2\/comments?post=651"}],"wp:featuredmedia":[{"embeddable":true,"href":"https:\/\/kenpro.com.ar\/website\/wp-json\/wp\/v2\/media\/888"}],"wp:attachment":[{"href":"https:\/\/kenpro.com.ar\/website\/wp-json\/wp\/v2\/media?parent=651"}],"wp:term":[{"taxonomy":"product_brand","embeddable":true,"href":"https:\/\/kenpro.com.ar\/website\/wp-json\/wp\/v2\/product_brand?post=651"},{"taxonomy":"product_cat","embeddable":true,"href":"https:\/\/kenpro.com.ar\/website\/wp-json\/wp\/v2\/product_cat?post=651"},{"taxonomy":"product_tag","embeddable":true,"href":"https:\/\/kenpro.com.ar\/website\/wp-json\/wp\/v2\/product_tag?post=651"}],"curies":[{"name":"wp","href":"https:\/\/api.w.org\/{rel}","templated":true}]}}