{"id":594,"date":"2025-01-22T16:37:06","date_gmt":"2025-01-22T16:37:06","guid":{"rendered":"https:\/\/kenpro.com.ar\/website\/?post_type=product&#038;p=594"},"modified":"2025-09-26T16:38:44","modified_gmt":"2025-09-26T16:38:44","slug":"cadena-kenpro-520-h","status":"publish","type":"product","link":"https:\/\/kenpro.com.ar\/website\/productos\/cadena-kenpro-520-h\/","title":{"rendered":"CADENA 520H 118L"},"content":{"rendered":"<h1>Instrucciones<\/h1>\n<p class=\"p1\">1-Colocar el clip de manera que la abertura sea opuesta al sentido de giro de la cadena.<br \/>\n2-Comprobar que el pandeo de la cadena en la zona de mayor tensi\u00f3n sea de entre 2cm a 2.5cm.<br \/>\n3-Al realizar la instalaci\u00f3n de la cadena lubricar los puntos de lubricaci\u00f3n y quitar todo exceso de aceite con un pa\u00f1o limpio.<br \/>\n4-Peri\u00f3dicamente o al menos cada 500km realizar limpieza y lubricaci\u00f3n de la cadena.<br \/>\n5-Verificar peri\u00f3dicamente que la cadena no \u00abflote\u00bb, vale decir, que no pueda ser separada de la corona (utilizando los dedos) dejando a la vista los dientes de la misma, si esto sucediera proceder al ajuste de la cadena.<\/p>\n","protected":false},"excerpt":{"rendered":"<p class=\"p1\"><strong>TECNOLOG\u00cdA DE FABRICACI\u00d3N DE VANGUARDIA<\/strong><\/p>\n<p class=\"p1\">Las cadenas de transmisi\u00f3n Kenpro est\u00e1n dise\u00f1adas bajo los est\u00e1ndares originales de las principales marcas de motocicletas del mundo. A lo largo del tiempo, Kenpro ha llevado a cabo rigurosas pruebas en laboratorio y en situaciones reales. Tanto su dise\u00f1o como la calidad de sus materiales garantizan su durabilidad y desempe\u00f1o ante las exigencias diarias del uso urbano y en ruta.<\/p>\n<p>&nbsp;<\/p>\n","protected":false},"featured_media":1156,"comment_status":"open","ping_status":"closed","template":"","meta":{"_et_pb_use_builder":"","_et_pb_old_content":"","_et_gb_content_width":""},"product_brand":[],"product_cat":[18],"product_tag":[],"class_list":{"0":"post-594","1":"product","2":"type-product","3":"status-publish","4":"has-post-thumbnail","6":"product_cat-cadena-de-transmision","8":"first","9":"instock","10":"shipping-taxable","11":"product-type-simple"},"yoast_head":"<!-- This site is optimized with the Yoast SEO plugin v27.2 - https:\/\/yoast.com\/product\/yoast-seo-wordpress\/ -->\n<title>CADENA 520H 118L - Kenpro<\/title>\n<meta name=\"description\" content=\"Cadena para motocilcetasLas cadenas de transmisi\u00f3n Kenpro est\u00e1n dise\u00f1adas bajo los est\u00e1ndares originales de las principales marcas de motocicletas del mundo\" \/>\n<meta name=\"robots\" content=\"index, follow, max-snippet:-1, max-image-preview:large, max-video-preview:-1\" \/>\n<link rel=\"canonical\" href=\"https:\/\/kenpro.com.ar\/website\/productos\/cadena-kenpro-520-h\/\" \/>\n<meta property=\"og:locale\" content=\"es_ES\" \/>\n<meta property=\"og:type\" content=\"article\" \/>\n<meta property=\"og:title\" content=\"CADENA 520H 118L - Kenpro\" \/>\n<meta property=\"og:description\" content=\"Cadena para motocilcetasLas cadenas de transmisi\u00f3n Kenpro est\u00e1n dise\u00f1adas bajo los est\u00e1ndares originales de las principales marcas de motocicletas del mundo\" \/>\n<meta property=\"og:url\" content=\"https:\/\/kenpro.com.ar\/website\/productos\/cadena-kenpro-520-h\/\" \/>\n<meta property=\"og:site_name\" content=\"Kenpro\" \/>\n<meta property=\"article:modified_time\" content=\"2025-09-26T16:38:44+00:00\" \/>\n<meta property=\"og:image\" content=\"https:\/\/kenpro.com.ar\/website\/wp-content\/uploads\/2024\/12\/1745.webp\" \/>\n\t<meta property=\"og:image:width\" content=\"1500\" \/>\n\t<meta property=\"og:image:height\" content=\"1500\" \/>\n\t<meta property=\"og:image:type\" content=\"image\/webp\" \/>\n<meta name=\"twitter:card\" content=\"summary_large_image\" \/>\n<meta name=\"twitter:label1\" content=\"Tiempo de lectura\" \/>\n\t<meta name=\"twitter:data1\" content=\"1 minuto\" \/>\n<script type=\"application\/ld+json\" class=\"yoast-schema-graph\">{\"@context\":\"https:\/\/schema.org\",\"@graph\":[{\"@type\":\"WebPage\",\"@id\":\"https:\/\/kenpro.com.ar\/website\/productos\/cadena-kenpro-520-h\/\",\"url\":\"https:\/\/kenpro.com.ar\/website\/productos\/cadena-kenpro-520-h\/\",\"name\":\"CADENA 520H 118L - Kenpro\",\"isPartOf\":{\"@id\":\"https:\/\/kenpro.com.ar\/website\/#website\"},\"primaryImageOfPage\":{\"@id\":\"https:\/\/kenpro.com.ar\/website\/productos\/cadena-kenpro-520-h\/#primaryimage\"},\"image\":{\"@id\":\"https:\/\/kenpro.com.ar\/website\/productos\/cadena-kenpro-520-h\/#primaryimage\"},\"thumbnailUrl\":\"https:\/\/kenpro.com.ar\/website\/wp-content\/uploads\/2024\/12\/1745.webp\",\"datePublished\":\"2025-01-22T16:37:06+00:00\",\"dateModified\":\"2025-09-26T16:38:44+00:00\",\"description\":\"Cadena para motocilcetasLas cadenas de transmisi\u00f3n Kenpro est\u00e1n dise\u00f1adas bajo los est\u00e1ndares originales de las principales marcas de motocicletas del mundo\",\"breadcrumb\":{\"@id\":\"https:\/\/kenpro.com.ar\/website\/productos\/cadena-kenpro-520-h\/#breadcrumb\"},\"inLanguage\":\"es\",\"potentialAction\":[{\"@type\":\"ReadAction\",\"target\":[\"https:\/\/kenpro.com.ar\/website\/productos\/cadena-kenpro-520-h\/\"]}]},{\"@type\":\"ImageObject\",\"inLanguage\":\"es\",\"@id\":\"https:\/\/kenpro.com.ar\/website\/productos\/cadena-kenpro-520-h\/#primaryimage\",\"url\":\"https:\/\/kenpro.com.ar\/website\/wp-content\/uploads\/2024\/12\/1745.webp\",\"contentUrl\":\"https:\/\/kenpro.com.ar\/website\/wp-content\/uploads\/2024\/12\/1745.webp\",\"width\":1500,\"height\":1500},{\"@type\":\"BreadcrumbList\",\"@id\":\"https:\/\/kenpro.com.ar\/website\/productos\/cadena-kenpro-520-h\/#breadcrumb\",\"itemListElement\":[{\"@type\":\"ListItem\",\"position\":1,\"name\":\"Home\",\"item\":\"https:\/\/kenpro.com.ar\/website\/\"},{\"@type\":\"ListItem\",\"position\":2,\"name\":\"Productos\",\"item\":\"https:\/\/kenpro.com.ar\/website\/productos\/\"},{\"@type\":\"ListItem\",\"position\":3,\"name\":\"CADENA 520H 118L\"}]},{\"@type\":\"WebSite\",\"@id\":\"https:\/\/kenpro.com.ar\/website\/#website\",\"url\":\"https:\/\/kenpro.com.ar\/website\/\",\"name\":\"Kenpro Motorcycle Parts\",\"description\":\"\",\"alternateName\":\"Kenpro\",\"potentialAction\":[{\"@type\":\"SearchAction\",\"target\":{\"@type\":\"EntryPoint\",\"urlTemplate\":\"https:\/\/kenpro.com.ar\/website\/?s={search_term_string}\"},\"query-input\":{\"@type\":\"PropertyValueSpecification\",\"valueRequired\":true,\"valueName\":\"search_term_string\"}}],\"inLanguage\":\"es\"}]}<\/script>\n<!-- \/ Yoast SEO plugin. -->","yoast_head_json":{"title":"CADENA 520H 118L - Kenpro","description":"Cadena para motocilcetasLas cadenas de transmisi\u00f3n Kenpro est\u00e1n dise\u00f1adas bajo los est\u00e1ndares originales de las principales marcas de motocicletas del mundo","robots":{"index":"index","follow":"follow","max-snippet":"max-snippet:-1","max-image-preview":"max-image-preview:large","max-video-preview":"max-video-preview:-1"},"canonical":"https:\/\/kenpro.com.ar\/website\/productos\/cadena-kenpro-520-h\/","og_locale":"es_ES","og_type":"article","og_title":"CADENA 520H 118L - Kenpro","og_description":"Cadena para motocilcetasLas cadenas de transmisi\u00f3n Kenpro est\u00e1n dise\u00f1adas bajo los est\u00e1ndares originales de las principales marcas de motocicletas del mundo","og_url":"https:\/\/kenpro.com.ar\/website\/productos\/cadena-kenpro-520-h\/","og_site_name":"Kenpro","article_modified_time":"2025-09-26T16:38:44+00:00","og_image":[{"width":1500,"height":1500,"url":"https:\/\/kenpro.com.ar\/website\/wp-content\/uploads\/2024\/12\/1745.webp","type":"image\/webp"}],"twitter_card":"summary_large_image","twitter_misc":{"Tiempo de lectura":"1 minuto"},"schema":{"@context":"https:\/\/schema.org","@graph":[{"@type":"WebPage","@id":"https:\/\/kenpro.com.ar\/website\/productos\/cadena-kenpro-520-h\/","url":"https:\/\/kenpro.com.ar\/website\/productos\/cadena-kenpro-520-h\/","name":"CADENA 520H 118L - Kenpro","isPartOf":{"@id":"https:\/\/kenpro.com.ar\/website\/#website"},"primaryImageOfPage":{"@id":"https:\/\/kenpro.com.ar\/website\/productos\/cadena-kenpro-520-h\/#primaryimage"},"image":{"@id":"https:\/\/kenpro.com.ar\/website\/productos\/cadena-kenpro-520-h\/#primaryimage"},"thumbnailUrl":"https:\/\/kenpro.com.ar\/website\/wp-content\/uploads\/2024\/12\/1745.webp","datePublished":"2025-01-22T16:37:06+00:00","dateModified":"2025-09-26T16:38:44+00:00","description":"Cadena para motocilcetasLas cadenas de transmisi\u00f3n Kenpro est\u00e1n dise\u00f1adas bajo los est\u00e1ndares originales de las principales marcas de motocicletas del mundo","breadcrumb":{"@id":"https:\/\/kenpro.com.ar\/website\/productos\/cadena-kenpro-520-h\/#breadcrumb"},"inLanguage":"es","potentialAction":[{"@type":"ReadAction","target":["https:\/\/kenpro.com.ar\/website\/productos\/cadena-kenpro-520-h\/"]}]},{"@type":"ImageObject","inLanguage":"es","@id":"https:\/\/kenpro.com.ar\/website\/productos\/cadena-kenpro-520-h\/#primaryimage","url":"https:\/\/kenpro.com.ar\/website\/wp-content\/uploads\/2024\/12\/1745.webp","contentUrl":"https:\/\/kenpro.com.ar\/website\/wp-content\/uploads\/2024\/12\/1745.webp","width":1500,"height":1500},{"@type":"BreadcrumbList","@id":"https:\/\/kenpro.com.ar\/website\/productos\/cadena-kenpro-520-h\/#breadcrumb","itemListElement":[{"@type":"ListItem","position":1,"name":"Home","item":"https:\/\/kenpro.com.ar\/website\/"},{"@type":"ListItem","position":2,"name":"Productos","item":"https:\/\/kenpro.com.ar\/website\/productos\/"},{"@type":"ListItem","position":3,"name":"CADENA 520H 118L"}]},{"@type":"WebSite","@id":"https:\/\/kenpro.com.ar\/website\/#website","url":"https:\/\/kenpro.com.ar\/website\/","name":"Kenpro Motorcycle Parts","description":"","alternateName":"Kenpro","potentialAction":[{"@type":"SearchAction","target":{"@type":"EntryPoint","urlTemplate":"https:\/\/kenpro.com.ar\/website\/?s={search_term_string}"},"query-input":{"@type":"PropertyValueSpecification","valueRequired":true,"valueName":"search_term_string"}}],"inLanguage":"es"}]}},"_links":{"self":[{"href":"https:\/\/kenpro.com.ar\/website\/wp-json\/wp\/v2\/product\/594","targetHints":{"allow":["GET"]}}],"collection":[{"href":"https:\/\/kenpro.com.ar\/website\/wp-json\/wp\/v2\/product"}],"about":[{"href":"https:\/\/kenpro.com.ar\/website\/wp-json\/wp\/v2\/types\/product"}],"replies":[{"embeddable":true,"href":"https:\/\/kenpro.com.ar\/website\/wp-json\/wp\/v2\/comments?post=594"}],"wp:featuredmedia":[{"embeddable":true,"href":"https:\/\/kenpro.com.ar\/website\/wp-json\/wp\/v2\/media\/1156"}],"wp:attachment":[{"href":"https:\/\/kenpro.com.ar\/website\/wp-json\/wp\/v2\/media?parent=594"}],"wp:term":[{"taxonomy":"product_brand","embeddable":true,"href":"https:\/\/kenpro.com.ar\/website\/wp-json\/wp\/v2\/product_brand?post=594"},{"taxonomy":"product_cat","embeddable":true,"href":"https:\/\/kenpro.com.ar\/website\/wp-json\/wp\/v2\/product_cat?post=594"},{"taxonomy":"product_tag","embeddable":true,"href":"https:\/\/kenpro.com.ar\/website\/wp-json\/wp\/v2\/product_tag?post=594"}],"curies":[{"name":"wp","href":"https:\/\/api.w.org\/{rel}","templated":true}]}}